{"id":4154,"date":"2023-01-25T12:41:42","date_gmt":"2023-01-25T12:41:42","guid":{"rendered":"https:\/\/leipold-gmbh-beta.de\/data-protection"},"modified":"2025-09-16T04:45:06","modified_gmt":"2025-09-16T04:45:06","slug":"data-protection","status":"publish","type":"page","link":"https:\/\/leipold-gmbh.de\/en\/data-protection\/","title":{"rendered":"Data protection"},"content":{"rendered":"\t\t<div data-elementor-type=\"wp-page\" data-elementor-id=\"4154\" class=\"elementor elementor-4154 elementor-797\" data-elementor-post-type=\"page\">\n\t\t\t\t\t\t<section class=\" elementor-section elementor-top-section elementor-element elementor-element-30d1432e elementor-section-boxed elementor-section-height-default elementor-section-height-default smart-sticky-default\" data-id=\"30d1432e\" data-element_type=\"section\" data-e-type=\"section\">\r\n\t\t\t\t\t\t\t\t<div class=\"elementor-container elementor-column-gap-default\">\r\n\t\t\t\t\r\n\t\t\t\t\t\t\t\t<div class=\" elementor-column elementor-col-100 elementor-top-column elementor-element elementor-element-4d1afd40 \" data-id=\"4d1afd40\" data-element_type=\"column\" data-e-type=\"column\">\r\n\r\n\t\t\t\t\r\n\t\t\t\t<div class=\"elementor-widget-wrap elementor-element-populated\">\r\n\t\t\t\t\t\t\t\t\t\t\r\n\t\t\t\t\t\t<div class=\"elementor-element elementor-element-7da3d161 elementor-widget elementor-widget-udesign_widget_heading\" data-id=\"7da3d161\" data-element_type=\"widget\" data-e-type=\"widget\" data-settings=\"{&quot;motion_fx_motion_fx_scrolling&quot;:&quot;yes&quot;,&quot;motion_fx_scale_effect&quot;:&quot;yes&quot;,&quot;motion_fx_scale_direction&quot;:&quot;out-in-out&quot;,&quot;motion_fx_scale_speed&quot;:{&quot;unit&quot;:&quot;px&quot;,&quot;size&quot;:5,&quot;sizes&quot;:[]},&quot;motion_fx_scale_range&quot;:{&quot;unit&quot;:&quot;%&quot;,&quot;size&quot;:&quot;&quot;,&quot;sizes&quot;:{&quot;start&quot;:20,&quot;end&quot;:80}},&quot;motion_fx_devices&quot;:[&quot;desktop&quot;,&quot;laptop&quot;,&quot;tablet_extra&quot;,&quot;tablet&quot;,&quot;mobile_extra&quot;,&quot;mobile&quot;]}\" data-widget_type=\"udesign_widget_heading.default\">\n\t\t\t\t<div class=\"elementor-widget-container\">\n\t\t\t\t\t<div class=\"title-wrapper  title-cross title-center title-md-center\"><h1 class=\"title elementor-heading-title\">DATA PROTECTION<\/h1><\/div>\t\t\t\t<\/div>\n\t\t\t\t<\/div>\n\t\t\t\t\t\t<\/div>\r\n\t\t\t\t<\/div>\r\n\t\t\t\t\t\t\t\t<\/div>\r\n\t\t\t<\/section>\r\n\t\t\t\t\t<section class=\" elementor-section elementor-top-section elementor-element elementor-element-3080b42 elementor-section-boxed elementor-section-height-default elementor-section-height-default smart-sticky-default\" data-id=\"3080b42\" data-element_type=\"section\" data-e-type=\"section\">\r\n\t\t\t\t\t\t\t\t<div class=\"elementor-container elementor-column-gap-default\">\r\n\t\t\t\t\r\n\t\t\t\t\t\t\t\t<div class=\" elementor-column elementor-col-100 elementor-top-column elementor-element elementor-element-233f4a4 \" data-id=\"233f4a4\" data-element_type=\"column\" data-e-type=\"column\">\r\n\r\n\t\t\t\t\r\n\t\t\t\t<div class=\"elementor-widget-wrap elementor-element-populated\">\r\n\t\t\t\t\t\t\t\t\t\t\r\n\t\t\t\t\t\t<div class=\"elementor-element elementor-element-df40647 elementor-widget elementor-widget-text-editor\" data-id=\"df40647\" data-element_type=\"widget\" data-e-type=\"widget\" data-widget_type=\"text-editor.default\">\n\t\t\t\t<div class=\"elementor-widget-container\">\n\t\t\t\t\t\t\t\t\t<div><b>1. GRUNDLEGENDES<\/b><\/div><div>&nbsp;<\/div><div>Diese Datenschutzerkl\u00e4rung <i>s<\/i>oll die Nutzer dieser Website \u00fcber die Art, den Umfang und den Zweck der Erhebung und Verwendung<br>personenbezogener Daten durch den Websitebetreiber informieren. Der Websitebetreiber nimmt Ihren Datenschutz sehr ernst und behandelt Ihre personenbezogenen Daten vertraulich und entsprechend der gesetzlichen Vorschriften. Da durch neue Technologien und die st\u00e4ndige Weiterentwicklung dieser Webseite \u00c4nderungen an dieser Datenschutzerkl\u00e4rung vorgenommen werden k\u00f6nnen, empfehlen wir Ihnen sich die Datenschutzerkl\u00e4rung in regelm\u00e4\u00dfigen Abst\u00e4nden wieder durchzulesen.<\/div><p>Definitionen der verwendeten Begriffe (z.B. \u201epersonenbezogene Daten\u201c oder \u201eVerarbeitung\u201c) finden Sie in Art. 4 DSGVO.<\/p><p><b>WEBSEITENBETREIBER<\/b><\/p><p>Leipold + Co. GmbH<br>Kreuzwiese 12<br>67806 Rockenhausen<br>Tel: +49 (0)6361\/1286<br>Fax: +49 (0)6361\/8773<\/p><p>Handelsregister-Nr: HRB 11530<br>USt.-ID: DE174070758<\/p><p><b>2. ZUGRIFFSDATEN<\/b><\/p><p>Wir, der Websitebetreiber bzw. Seitenprovider, erheben aufgrund unseres berechtigten Interesses (s. Art. 6 Abs. 1 lit. f. DSGVO) Daten<br>\u00fcber Zugriffe auf die Website und speichern diese als \u201eServer-Logfiles\u201c auf dem Server der Website ab. Folgende Daten werden so protokolliert:<\/p><p>Besuchte Website<br>Uhrzeit zum Zeitpunkt des Zugriffes<br>Menge der gesendeten Daten in Byte<br>Quelle\/Verweis, von welchem Sie auf die Seite gelangten<br>Verwendeter Browser<br>Verwendetes Betriebssystem<br>Verwendete IP-Adresse<\/p><p>Die Server-Logfiles werden f\u00fcr maximal 7 Tage gespeichert und anschlie\u00dfend gel\u00f6scht. Die Speicherung der Daten erfolgt aus<br>Sicherheitsgr\u00fcnden, um z. B. Missbrauchsf\u00e4lle aufkl\u00e4ren zu k\u00f6nnen. M\u00fcssen Daten aus Beweisgr\u00fcnden aufgehoben werden, sind sie so lange von der L\u00f6schung ausgenommen bis der Vorfall endg\u00fcltig gekl\u00e4rt ist.<\/p><p><b>3. BEWERBER<\/b><\/p><p><b>UMGANG MIT BEWERBERDATEN<\/b><\/p><p>Wir bieten Ihnen die M\u00f6glichkeit, sich bei uns zu bewerben (z.B. per E-Mail, postalisch oder via Online-Bewerberformular). &nbsp;Im Folgenden informieren wir Sie \u00fcber Umfang, Zweck undVerwendung Ihrer im Rahmen des Bewerbungsprozesses erhobenen personenbezogenen Daten.Wir versichern, dass die Erhebung, Verarbeitung und Nutzung Ihrer Daten in \u00dcbereinstimmung mit geltendem Datenschutzrecht und allen weiteren gesetzlichen Bestimmungen erfolgt und Ihre Daten streng vertraulich behandelt werden. Zum Beschleunigen des Bewerbungsverfahrens nutzen wir Perspective Funnels. Hier werden auf Grundlage von Quizfragen automatische Entscheidungen getroffen. Grundlage hierf\u00fcr ist Art. 22 Abs. 2. lit a DSGVO. Die abgefragten Qualifikationen werden unbedingt f\u00fcr die Stellenbesetzung<br>ben\u00f6tigt.<\/p><ul style=\"margin-top: 0cm;\" type=\"disc\"><li><a href=\"https:\/\/www.perspective.co\/privacy-policy\" target=\"_blank\" rel=\"noopener\"><b>Datenschutzerkl\u00e4rung von Perspective&nbsp;Funnel<\/b><\/a><\/li><\/ul><p>Nachstehend informieren wir Sie \u00fcber Umfang, Zweck und Verwendung Ihrer im Rahmen des Bewerbungsprozesses erhobenen personenbezogenen Daten. Wir versichern, dass die Erhebung, Verarbeitung und Nutzung Ihrer Daten in \u00dcbereinstimmung mit geltendem Datenschutzrecht und allen weiteren gesetzlichen Bestimmungen erfolgt und Ihre Daten streng vertraulich behandelt werden.<\/p><p><b style=\"letter-spacing: -0.14px;\">UMFANG UND ZWECK DER DATENERHEBUNG<\/b><\/p><p>Wenn Sie uns eine Bewerbung \u00fcbermitteln, verarbeiten wir Ihre damit verbundenen personenbezogenen Daten (z.B. Kontakt- und Kommunikationsdaten, Bewerbungsunterlagen, Notizen im Rahmen von Bewerbungsgespr\u00e4chen etc.), soweit dies zur Entscheidung \u00fcber die Begr\u00fcndung eines Besch\u00e4ftigungsverh\u00e4ltnisses erforderlich ist.<\/p><p>Rechtsgrundlage hierf\u00fcr ist \u00a7 26 BDSG nach deutschem Recht (Anbahnung eines Besch\u00e4ftigungsverh\u00e4ltnisses), Art. 6 Abs. 1 lit. b DSGVO<br>(allgemeine Vertragsanbahnung) und \u2013 sofern Sie eine Einwilligung erteilt haben \u2013 Art. 6 Abs. 1 lit. a DSGVO. Die Einwilligung ist jederzeit widerrufbar. Ihre personenbezogenen Daten werden innerhalb unseres Unternehmens ausschlie\u00dflich an Personen weitergegeben,<br>die an der Bearbeitung Ihrer Bewerbung beteiligt sind.<\/p><p>Sofern die Bewerbung erfolgreich ist, werden die von Ihnen eingereichten Daten auf Grundlage von \u00a7 26 BDSG und Art. 6 Abs. 1 lit. b DSGVO<br>zum Zwecke der Durchf\u00fchrung des Besch\u00e4ftigungsverh\u00e4ltnisses in unseren Datenverarbeitungssystemen gespeichert.<\/p><p><b>AUFBEWAHRUNGSDAUER DER DATEN<\/b><\/p><p>Sofern wir Ihnen keine Besch\u00e4ftigung anbieten, Sie ein Besch\u00e4ftigungsangebot ablehnen oder Ihre Bewerbung zur\u00fcckziehen, behalten wir<br>uns das Recht vor, die von Ihnen \u00fcbermittelten Daten auf Grundlage unserer berechtigten Interessen (Art. 6 Abs. 1 lit. f DSGVO) bis zu 6 Monate ab der Beendigung des Bewerbungsverfahrens (Ablehnung unseres Angebots oder Zur\u00fcckziehung Ihrer Bewerbung) bei uns aufzubewahren. Anschlie\u00dfend werden die Daten gel\u00f6scht und physische Bewerbungsunterlagen vernichtet.<br>Die Aufbewahrung dient insbesondere Nachweiszwecken im Falle eines Rechtsstreits. Sofern ersichtlich ist, dass die Daten nach Ablauf der<br>6-Monatsfrist erforderlich sein werden (z.B. aufgrund eines drohenden oder anh\u00e4ngigen Rechtsstreits), findet eine L\u00f6schung erst statt, wenn der Zweck f\u00fcr die weitergehende Aufbewahrung entf\u00e4llt.<\/p><p>Eine l\u00e4ngere Aufbewahrung kann au\u00dferdem stattfinden, wenn Sie eine entsprechende Einwilligung (Art. 6 Abs. 1 lit. a DSGVO) erteilt haben<br>oder wenn gesetzliche Aufbewahrungspflichten der L\u00f6schung entgegenstehen.<\/p><p><b>AUFNAHME IN DEN BEWERBER-POOL<\/b><\/p><p>Sofern wir Ihnen keine Besch\u00e4ftigung anbieten, besteht die M\u00f6glichkeit, Sie in unseren Bewerber-Pool aufzunehmen. Im Falle einer Aufnahme in diesen Pool werden alle Dokumente und Angaben aus der Bewerbung in den Bewerber-Pool \u00fcbernommen, um Sie im Falle von geeigneten Vakanzen kontaktieren zu k\u00f6nnen.<\/p><p>Die Aufnahme in den Bewerber-Pool geschieht ausschlie\u00dflich auf Grundlage Ihrer ausdr\u00fccklichen Einwilligung (Art. 6 Abs. 1 lit. a DSGVO).<br>Die Abgabe der Einwilligung ist freiwillig und steht in keinem Bezug zum laufenden Bewerbungsverfahren. Sie k\u00f6nnen Ihre Einwilligung jederzeit widerrufen. In diesem Falle werden die Daten aus dem Bewerber-Pool unwiderruflich gel\u00f6scht, sofern keine gesetzlichen Aufbewahrungsgr\u00fcnde vorliegen.<\/p><p>Die Daten aus dem Bewerber-Pool werden sp\u00e4testens zwei Jahre nach Erteilung der Einwilligung unwiderruflich gel\u00f6scht.<\/p><p><b>4. ERFASSUNG UND VERARBEITUNG PERSONENBEZOGENER DATEN<\/b><\/p><p>Der Websitebetreiber erhebt, nutzt und gibt Ihre personenbezogenen Daten nur dann weiter, wenn dies im gesetzlichen Rahmen<br>erlaubt ist oder Sie in die Datenerhebung einwilligen. Als personenbezogene Daten gelten s\u00e4mtliche Informationen, welche dazu dienen, Ihre Person zu bestimmen und welche zu Ihnen zur\u00fcckverfolgt werden k\u00f6nnen \u2013 also beispielsweise Ihr Name, Ihre E-Mail-Adresse und Telefonnummer. Diese Website k\u00f6nnen Sie auch besuchen, ohne Angaben zu Ihrer Person zu machen. Zur Verbesserung unseres<br>Online-Angebotes speichern wir jedoch (ohne Personenbezug) Ihre Zugriffsdaten auf diese Website. Zu diesen Zugriffsdaten geh\u00f6ren z. B. die von Ihnen angeforderte Datei oder der Name Ihres Internet-Providers. Durch die Anonymisierung der Daten sind R\u00fcckschl\u00fcsse auf Ihre Person nicht m\u00f6glich.<\/p><p><b>5. UMGANG MIT KONTAKTDATEN<\/b><\/p><p>Nehmen Sie mit uns als Websitebetreiber durch die angebotenen Kontaktm\u00f6glichkeiten Verbindung auf, werden Ihre Angaben<br>gespeichert, damit auf diese zur Bearbeitung und Beantwortung Ihrer Anfrage zur\u00fcckgegriffen werden kann. Ohne Ihre Einwilligung werden diese Daten nicht an Dritte weitergegeben.<\/p><p><b>6.&nbsp;SOCIAL MEDIA KAN\u00c4LE<\/b><\/p><p><b>NUTZUNG VON SOCIAL MEDIA<\/b><\/p><p>Unser Unternehmen unterh\u00e4lt Profile auf verschiedenen sozialen Medien, um mit Kunden, Interessenten und Nutzern zu kommunizieren und um \u00fcber unsere Produkte, Dienstleistungen und Angebote zu informieren. Die spezifischen Plattformen, auf denen wir pr\u00e4sent sind, umfassen LinkedIn, Facebook, XING und Instagram. Diese Datenschutzerkl\u00e4rung informiert Sie dar\u00fcber, wie wir personenbezogene Daten im Rahmen unserer Social Media Aktivit\u00e4ten verarbeiten.<\/p><p><b>VERANTWORTLICHE UND DATENSCHUTZBEAUFTRAGTE DER PLATTFORMEN<\/b><\/p><p>Bitte beachten Sie, dass Sie diese sozialen Medien und deren Funktionen in eigener Verantwortung nutzen. Dies gilt insbesondere f\u00fcr die<br>Nutzung der interaktiven Funktionen (z.B. Kommentieren, Teilen, Bewerten). Beim Besuch unserer Social Media-Seiten erfasst der jeweilige Plattformbetreiber Ihre personenbezogenen Daten und Informationen \u00fcber Ihr Nutzerverhalten. Wir haben keinen Einfluss auf die Datenerhebung und die weitere Verarbeitung durch die sozialen Netzwerke. In welchem Umfang, an welchem Ort und f\u00fcr welche Dauer<br>die Daten gespeichert werden, wie die Netzwerke die Daten verwenden und ob Daten an Dritte weitergegeben werden, entzieht sich unserer Kenntnis.<\/p><p><b>DATENVERARBEITUNG DURCH UNS<\/b><\/p><p>Die von Ihnen auf unseren Social Media-Seiten eingegebenen Daten wie Kommentare, Videos, Bilder, Likes, \u00f6ffentliche Nachrichten etc.<br>werden durch die sozialen Netzwerke ver\u00f6ffentlicht und von uns nie zu anderen als den oben genannten Zwecken verwendet oder verarbeitet. Wir behalten uns vor, Inhalte zu l\u00f6schen, sofern dies notwendig sein sollte. Gegebenenfalls teilen wir Ihre Inhalte auf unserem Profil, wenn dies eine Funktion der sozialen Netzwerke ist, und kommunizieren \u00fcber die Plattform mit Ihnen.<\/p><p><b>LINKS ZU DATENSCHUTZERKL\u00c4RUNGEN DER SOCIAL MEDIA PLATTFORMEN<\/b><\/p><p>F\u00fcr detaillierte Informationen \u00fcber die Verarbeitung Ihrer Daten durch die Social Media-Plattformen und weiterf\u00fchrende Informationen \u00fcber Ihre Rechte empfehlen wir Ihnen, die Datenschutzerkl\u00e4rungen der jeweiligen Netzwerke zu lesen:<\/p><ul style=\"margin-top: 0cm;\" type=\"disc\"><li><a href=\"https:\/\/www.linkedin.com\/legal\/privacy-policy\"><b>Datenschutzerkl\u00e4rung von LinkedIn<\/b><\/a><\/li><li><a href=\"https:\/\/www.facebook.com\/about\/privacy\/\"><b>Datenschutzerkl\u00e4rung von Facebook<\/b><\/a><\/li><li><a href=\"https:\/\/privacy.xing.com\/de\/datenschutzerklaerung\"><b>Datenschutzerkl\u00e4rung von XING<\/b><\/a><\/li><li><a href=\"https:\/\/privacycenter.instagram.com\/policy\/\"><b>Datenschutzerkl\u00e4rung von Instagram<\/b><\/a><\/li><\/ul><p><b>6. RECHTE DES NUTZERS<\/b><\/p><p>Sie haben als Nutzer das Recht, auf Antrag eine kostenlose Auskunft dar\u00fcber zu erhalten, welche personenbezogenen Daten \u00fcber Sie<br>gespeichert wurden. Sie haben au\u00dferdem das Recht auf Berichtigung falscher Daten und auf die Verarbeitungseinschr\u00e4nkung oder L\u00f6schung Ihrer personenbezogenen Daten. Falls zutreffend, k\u00f6nnen Sie auch Ihr Recht auf Datenportabilit\u00e4t geltend machen. Sollten Sie annehmen, dass Ihre Daten unrechtm\u00e4\u00dfig verarbeitet wurden, k\u00f6nnen Sie eine Beschwerde bei der zust\u00e4ndigen Aufsichtsbeh\u00f6rde einreichen.<\/p><p><b>7. L\u00d6SCHUNG VON DATEN<\/b><\/p><p>Sofern Ihr Wunsch nicht mit einer gesetzlichen Pflicht zur Aufbewahrung von Daten (z. B. Vorratsdatenspeicherung) kollidiert, haben Sie<br>ein Anrecht auf L\u00f6schung Ihrer Daten. Von uns gespeicherte Daten werden, sollten sie f\u00fcr ihre Zweckbestimmung nicht mehr vonn\u00f6ten sein und es keine gesetzlichen Aufbewahrungsfristen geben, gel\u00f6scht. Falls eine L\u00f6schung nicht durchgef\u00fchrt werden kann, da die Daten f\u00fcr zul\u00e4ssige gesetzliche Zwecke erforderlich sind, erfolgt eine Einschr\u00e4nkung der Datenverarbeitung. In diesem Fall werden die Daten gesperrt und nicht f\u00fcr andere Zwecke verarbeitet.<\/p><p><b>8. WIDERSPRUCHSRECHT<\/b><\/p><p>Nutzer dieser Webseite k\u00f6nnen von ihrem Widerspruchsrecht Gebrauch machen und der Verarbeitung ihrer personenbezogenen Daten zu jeder Zeit widersprechen. Wenn Sie eine Berichtigung, Sperrung, L\u00f6schung oder Auskunft \u00fcber die zu Ihrer Person gespeicherten personenbezogenen Daten w\u00fcnschen oder Fragen bzgl. der Erhebung, Verarbeitung oder Verwendung Ihrer personenbezogenen Daten haben oder erteilte Einwilligungen widerrufen m\u00f6chten, wenden Sie sich bitte an folgende E-Mail-Adresse:&nbsp;<b>buero@leipold-gmbh.de<\/b><\/p>\t\t\t\t\t\t\t\t<\/div>\n\t\t\t\t<\/div>\n\t\t\t\t\t\t<\/div>\r\n\t\t\t\t<\/div>\r\n\t\t\t\t\t\t\t\t<\/div>\r\n\t\t\t<\/section>\r\n\t\t\t\t\t<section class=\" elementor-section elementor-top-section elementor-element elementor-element-1a26f92 elementor-section-boxed elementor-section-height-default elementor-section-height-default smart-sticky-default\" data-id=\"1a26f92\" data-element_type=\"section\" data-e-type=\"section\">\r\n\t\t\t\t\t\t\t\t<div class=\"elementor-container elementor-column-gap-default\">\r\n\t\t\t\t\r\n\t\t\t\t\t\t\t\t<div class=\" elementor-column elementor-col-100 elementor-top-column elementor-element elementor-element-aecca22 \" data-id=\"aecca22\" data-element_type=\"column\" data-e-type=\"column\">\r\n\r\n\t\t\t\t\r\n\t\t\t\t<div class=\"elementor-widget-wrap elementor-element-populated\">\r\n\t\t\t\t\t\t\t\t\t\t\r\n\t\t\t\t\t\t<div class=\"elementor-element elementor-element-a8ce563 elementor-widget elementor-widget-spacer\" data-id=\"a8ce563\" data-element_type=\"widget\" data-e-type=\"widget\" data-widget_type=\"spacer.default\">\n\t\t\t\t<div class=\"elementor-widget-container\">\n\t\t\t\t\t\t\t<div class=\"elementor-spacer\">\n\t\t\t<div class=\"elementor-spacer-inner\"><\/div>\n\t\t<\/div>\n\t\t\t\t\t\t<\/div>\n\t\t\t\t<\/div>\n\t\t\t\t\t\t<\/div>\r\n\t\t\t\t<\/div>\r\n\t\t\t\t\t\t\t\t<\/div>\r\n\t\t\t<\/section>\r\n\t\t\t\t\t<\/div>\n\t\t","protected":false},"excerpt":{"rendered":"<p>DATA PROTECTION 1. GRUNDLEGENDES&nbsp;Diese Datenschutzerkl\u00e4rung soll die Nutzer dieser Website \u00fcber die Art, den Umfang und den Zweck der Erhebung und Verwendungpersonenbezogener Daten durch den Websitebetreiber informieren. Der Websitebetreiber nimmt Ihren Datenschutz sehr ernst und behandelt Ihre personenbezogenen Daten vertraulich und entsprechend der gesetzlichen Vorschriften. Da durch neue Technologien und die st\u00e4ndige Weiterentwicklung dieser Webseite [&hellip;]<\/p>\n","protected":false},"author":1,"featured_media":0,"parent":0,"menu_order":0,"comment_status":"closed","ping_status":"closed","template":"","meta":{"inline_featured_image":false,"_themeisle_gutenberg_block_has_review":false,"footnotes":""},"class_list":["post-4154","page","type-page","status-publish","hentry"],"_links":{"self":[{"href":"https:\/\/leipold-gmbh.de\/en\/wp-json\/wp\/v2\/pages\/4154","targetHints":{"allow":["GET"]}}],"collection":[{"href":"https:\/\/leipold-gmbh.de\/en\/wp-json\/wp\/v2\/pages"}],"about":[{"href":"https:\/\/leipold-gmbh.de\/en\/wp-json\/wp\/v2\/types\/page"}],"author":[{"embeddable":true,"href":"https:\/\/leipold-gmbh.de\/en\/wp-json\/wp\/v2\/users\/1"}],"replies":[{"embeddable":true,"href":"https:\/\/leipold-gmbh.de\/en\/wp-json\/wp\/v2\/comments?post=4154"}],"version-history":[{"count":19,"href":"https:\/\/leipold-gmbh.de\/en\/wp-json\/wp\/v2\/pages\/4154\/revisions"}],"predecessor-version":[{"id":7144,"href":"https:\/\/leipold-gmbh.de\/en\/wp-json\/wp\/v2\/pages\/4154\/revisions\/7144"}],"wp:attachment":[{"href":"https:\/\/leipold-gmbh.de\/en\/wp-json\/wp\/v2\/media?parent=4154"}],"curies":[{"name":"wp","href":"https:\/\/api.w.org\/{rel}","templated":true}]}}